{"id":29,"date":"2025-04-03T09:59:35","date_gmt":"2025-04-03T09:59:35","guid":{"rendered":"https:\/\/futuro.services\/?page_id=29"},"modified":"2025-09-09T14:02:49","modified_gmt":"2025-09-09T14:02:49","slug":"servicios","status":"publish","type":"page","link":"https:\/\/futuro.services\/?page_id=29","title":{"rendered":"Servicios"},"content":{"rendered":"\n<div class=\"wp-block-group has-background has-global-padding is-layout-constrained wp-container-core-group-is-layout-c3639a5a wp-block-group-is-layout-constrained\" style=\"border-radius:9px;background-color:#2b495d;padding-top:var(--wp--preset--spacing--superbspacing-medium);padding-right:var(--wp--preset--spacing--superbspacing-medium);padding-bottom:var(--wp--preset--spacing--superbspacing-medium);padding-left:var(--wp--preset--spacing--superbspacing-medium)\">\n<p class=\"has-text-align-center has-contrast-light-color has-text-color has-link-color has-superbfont-small-font-size wp-elements-918d963c2b1382f3ec8ad70a261e72ee\" style=\"text-transform:uppercase\"><strong>Turismo<\/strong><\/p>\n\n\n\n<p class=\"has-text-align-center has-contrast-light-color has-text-color has-link-color has-superbfont-small-font-size wp-elements-7284ada0ff2b629f1c2baad4954afc3e\">En <strong>Invers de Tres Futuro RJJ<\/strong> creemos que viajar es una de las mejores experiencias de la vida. Por eso, ofrecemos servicios tur\u00edsticos personalizados que incluyen desde la planificaci\u00f3n de vacaciones hasta itinerarios exclusivos, tanto a nivel nacional como internacional.<\/p>\n\n\n\n<p class=\"has-contrast-light-color has-text-color has-link-color has-superbfont-small-font-size wp-elements-59b32b9d28746eb7482149cafdd65ad2\">Colaboramos con hoteles, aerol\u00edneas y operadores locales para ofrecer tarifas competitivas y experiencias \u00fanicas, adaptadas a cada tipo de viajero. Nos enfocamos en la atenci\u00f3n personalizada, escuchando las preferencias de cada cliente para dise\u00f1ar propuestas a medida.<\/p>\n\n\n\n<p class=\"has-text-align-center has-contrast-light-color has-text-color has-link-color has-superbfont-small-font-size wp-elements-4ddcaa3244fe482df527c45aa1199b3f\">Gracias a nuestra experiencia y constante actualizaci\u00f3n en tendencias tur\u00edsticas, garantizamos un servicio completo, seguro y memorable para quienes conf\u00edan en nosotros.<\/p>\n\n\n\n<div class=\"wp-block-columns is-layout-flex wp-container-core-columns-is-layout-251cbc02 wp-block-columns-is-layout-flex\" style=\"padding-right:var(--wp--preset--spacing--superbspacing-small);padding-left:var(--wp--preset--spacing--superbspacing-small)\">\n<div class=\"wp-block-column is-layout-flow wp-block-column-is-layout-flow\">\n<div class=\"wp-block-cover has-custom-content-position is-position-top-center cssroadmap\" style=\"border-radius:10px\"><img loading=\"lazy\" decoding=\"async\" width=\"823\" height=\"699\" class=\"wp-block-cover__image-background wp-image-30\" alt=\"\" src=\"https:\/\/futuro.services\/wp-content\/uploads\/2025\/04\/turismo1Madrid.png\" data-object-fit=\"cover\" srcset=\"https:\/\/futuro.services\/wp-content\/uploads\/2025\/04\/turismo1Madrid.png 823w, https:\/\/futuro.services\/wp-content\/uploads\/2025\/04\/turismo1Madrid-300x255.png 300w, https:\/\/futuro.services\/wp-content\/uploads\/2025\/04\/turismo1Madrid-768x652.png 768w\" sizes=\"auto, (max-width: 823px) 100vw, 823px\" \/><span aria-hidden=\"true\" class=\"wp-block-cover__background has-contrast-dark-background-color has-background-dim\"><\/span><div class=\"wp-block-cover__inner-container is-layout-flow wp-block-cover-is-layout-flow\">\n<p class=\"has-text-align-center has-large-font-size\">Madrid<\/p>\n<\/div><\/div>\n<\/div>\n\n\n\n<div class=\"wp-block-column is-layout-flow wp-block-column-is-layout-flow\">\n<div class=\"wp-block-cover has-custom-content-position is-position-top-center cssroadmap\" style=\"border-radius:10px\"><img loading=\"lazy\" decoding=\"async\" width=\"754\" height=\"654\" class=\"wp-block-cover__image-background wp-image-31\" alt=\"\" src=\"https:\/\/futuro.services\/wp-content\/uploads\/2025\/04\/turismoBarcelona.png\" data-object-fit=\"cover\" srcset=\"https:\/\/futuro.services\/wp-content\/uploads\/2025\/04\/turismoBarcelona.png 754w, https:\/\/futuro.services\/wp-content\/uploads\/2025\/04\/turismoBarcelona-300x260.png 300w\" sizes=\"auto, (max-width: 754px) 100vw, 754px\" \/><span aria-hidden=\"true\" class=\"wp-block-cover__background has-primary-background-color has-background-dim\"><\/span><div class=\"wp-block-cover__inner-container is-layout-flow wp-block-cover-is-layout-flow\">\n<p class=\"has-text-align-center has-large-font-size\">Barcelona<\/p>\n<\/div><\/div>\n<\/div>\n<\/div>\n<\/div>\n\n\n\n<div class=\"wp-block-group has-global-padding is-layout-constrained wp-container-core-group-is-layout-019073ad wp-block-group-is-layout-constrained\" style=\"border-width:1px;border-radius:10px;padding-top:var(--wp--preset--spacing--superbspacing-medium);padding-right:var(--wp--preset--spacing--superbspacing-small);padding-bottom:var(--wp--preset--spacing--superbspacing-medium);padding-left:var(--wp--preset--spacing--superbspacing-small)\">\n<p class=\"has-text-align-center has-superbfont-small-font-size\" style=\"text-transform:uppercase\"><strong>Transporte de Personal de Aerol\u00edneas<\/strong><\/p>\n\n\n\n<p class=\"has-superbfont-small-font-size\">En <strong>Invers de Tres Futuro RJJ<\/strong> ofrecemos un servicio especializado de <strong>transporte de personal para aerol\u00edneas<\/strong>, dise\u00f1ado para garantizar puntualidad, comodidad y eficiencia en el traslado de tripulaciones y personal aeroportuario.<\/p>\n\n\n\n<p class=\"has-superbfont-small-font-size\">Contamos con una <strong>flota moderna<\/strong>, equipada con tecnolog\u00eda de geolocalizaci\u00f3n y confort, sometida a controles rigurosos de mantenimiento. Nuestro equipo de <strong>conductores profesionales<\/strong> est\u00e1 altamente capacitado y recibe formaci\u00f3n continua en atenci\u00f3n al cliente, seguridad y primeros auxilios.<\/p>\n\n\n\n<p class=\"has-superbfont-small-font-size\">Nos adaptamos a los <strong>horarios variables, escalas y turnos rotativos<\/strong> de cada compa\u00f1\u00eda a\u00e9rea, ofreciendo soluciones log\u00edsticas flexibles y confiables. Nuestra misi\u00f3n es convertirnos en un aliado estrat\u00e9gico que aporte valor y tranquilidad al funcionamiento diario de las operaciones aeroportuarias.<\/p>\n\n\n\n<div class=\"wp-block-cover is-light\" style=\"border-radius:10px\"><img loading=\"lazy\" decoding=\"async\" width=\"1792\" height=\"1024\" class=\"wp-block-cover__image-background wp-image-32\" alt=\"\" src=\"https:\/\/futuro.services\/wp-content\/uploads\/2025\/04\/transportePersonal.webp\" data-object-fit=\"cover\" srcset=\"https:\/\/futuro.services\/wp-content\/uploads\/2025\/04\/transportePersonal.webp 1792w, https:\/\/futuro.services\/wp-content\/uploads\/2025\/04\/transportePersonal-300x171.webp 300w, https:\/\/futuro.services\/wp-content\/uploads\/2025\/04\/transportePersonal-1024x585.webp 1024w, https:\/\/futuro.services\/wp-content\/uploads\/2025\/04\/transportePersonal-768x439.webp 768w, https:\/\/futuro.services\/wp-content\/uploads\/2025\/04\/transportePersonal-1536x878.webp 1536w\" sizes=\"auto, (max-width: 1792px) 100vw, 1792px\" \/><span aria-hidden=\"true\" class=\"wp-block-cover__background has-cyan-bluish-gray-background-color has-background-dim\"><\/span><div class=\"wp-block-cover__inner-container is-layout-flow wp-block-cover-is-layout-flow\">\n<p class=\"has-text-align-center has-large-font-size\"><\/p>\n<\/div><\/div>\n<\/div>\n\n\n\n<div class=\"wp-block-group has-background has-global-padding is-layout-constrained wp-container-core-group-is-layout-019073ad wp-block-group-is-layout-constrained\" style=\"border-radius:10px;background-color:#353535;padding-top:var(--wp--preset--spacing--superbspacing-medium);padding-right:var(--wp--preset--spacing--superbspacing-small);padding-bottom:var(--wp--preset--spacing--superbspacing-medium);padding-left:var(--wp--preset--spacing--superbspacing-small)\">\n<p class=\"has-text-align-center has-contrast-light-color has-text-color has-link-color has-superbfont-small-font-size wp-elements-7d670c59338606073c2139f2ff855259\" style=\"text-transform:uppercase\"><strong>Organizaci\u00f3n de Viajes y Eventos<\/strong><\/p>\n\n\n\n<div class=\"wp-block-columns is-layout-flex wp-container-core-columns-is-layout-28f84493 wp-block-columns-is-layout-flex\">\n<div class=\"wp-block-column is-vertically-aligned-center is-layout-flow wp-block-column-is-layout-flow\" style=\"flex-basis:40%\">\n<div class=\"wp-block-columns is-layout-flex wp-container-core-columns-is-layout-28f84493 wp-block-columns-is-layout-flex\">\n<div class=\"wp-block-column is-layout-flow wp-block-column-is-layout-flow\" style=\"flex-basis:70%\">\n<figure class=\"wp-block-image size-full has-custom-border\"><img loading=\"lazy\" decoding=\"async\" width=\"1024\" height=\"1024\" src=\"https:\/\/futuro.services\/wp-content\/uploads\/2025\/04\/orga1.webp\" alt=\"\" class=\"wp-image-33\" style=\"border-radius:15px\" srcset=\"https:\/\/futuro.services\/wp-content\/uploads\/2025\/04\/orga1.webp 1024w, https:\/\/futuro.services\/wp-content\/uploads\/2025\/04\/orga1-300x300.webp 300w, https:\/\/futuro.services\/wp-content\/uploads\/2025\/04\/orga1-150x150.webp 150w, https:\/\/futuro.services\/wp-content\/uploads\/2025\/04\/orga1-768x768.webp 768w\" sizes=\"auto, (max-width: 1024px) 100vw, 1024px\" \/><\/figure>\n<\/div>\n\n\n\n<div class=\"wp-block-column is-vertically-aligned-center is-layout-flow wp-block-column-is-layout-flow\" style=\"flex-basis:30%\">\n<figure class=\"wp-block-image aligncenter size-full has-custom-border\"><img loading=\"lazy\" decoding=\"async\" width=\"1024\" height=\"1024\" src=\"https:\/\/futuro.services\/wp-content\/uploads\/2025\/04\/orga2.webp\" alt=\"\" class=\"wp-image-34\" style=\"border-radius:15px\" srcset=\"https:\/\/futuro.services\/wp-content\/uploads\/2025\/04\/orga2.webp 1024w, https:\/\/futuro.services\/wp-content\/uploads\/2025\/04\/orga2-300x300.webp 300w, https:\/\/futuro.services\/wp-content\/uploads\/2025\/04\/orga2-150x150.webp 150w, https:\/\/futuro.services\/wp-content\/uploads\/2025\/04\/orga2-768x768.webp 768w\" sizes=\"auto, (max-width: 1024px) 100vw, 1024px\" \/><\/figure>\n\n\n\n<figure class=\"wp-block-image aligncenter size-full has-custom-border\"><img loading=\"lazy\" decoding=\"async\" width=\"1024\" height=\"1024\" src=\"https:\/\/futuro.services\/wp-content\/uploads\/2025\/04\/orga3.webp\" alt=\"\" class=\"wp-image-35\" style=\"border-radius:15px\" srcset=\"https:\/\/futuro.services\/wp-content\/uploads\/2025\/04\/orga3.webp 1024w, https:\/\/futuro.services\/wp-content\/uploads\/2025\/04\/orga3-300x300.webp 300w, https:\/\/futuro.services\/wp-content\/uploads\/2025\/04\/orga3-150x150.webp 150w, https:\/\/futuro.services\/wp-content\/uploads\/2025\/04\/orga3-768x768.webp 768w\" sizes=\"auto, (max-width: 1024px) 100vw, 1024px\" \/><\/figure>\n<\/div>\n<\/div>\n<\/div>\n\n\n\n<div class=\"wp-block-column is-layout-flow wp-block-column-is-layout-flow\">\n<p class=\"has-text-align-left has-contrast-light-color has-text-color has-link-color has-superbfont-small-font-size wp-elements-cbe1a787479db3210118a16c6e3aa5e2\">En <strong>Invers de Tres Futuro RJJ<\/strong>, no solo organizamos viajes, sino que creamos <strong>experiencias memorables<\/strong> a trav\u00e9s de la planificaci\u00f3n integral de <strong>eventos corporativos y sociales<\/strong>. Nos encargamos de todo: desde la elecci\u00f3n del lugar ideal hasta la log\u00edstica completa, trabajando con una red de proveedores especializados en catering, audiovisuales, decoraci\u00f3n, producci\u00f3n y m\u00e1s.<\/p>\n\n\n\n<p class=\"has-text-align-left has-contrast-light-color has-text-color has-link-color has-superbfont-small-font-size wp-elements-8dd7da79ac262a2ffd453ac8733ea8ca\">Cada evento es \u00fanico, por eso ofrecemos <strong>atenci\u00f3n personalizada<\/strong>, proponiendo ideas creativas que se ajusten a los objetivos e identidad del cliente. Mantenemos una comunicaci\u00f3n constante durante todo el proceso y, al finalizar, evaluamos los resultados para seguir mejorando.<\/p>\n\n\n\n<p class=\"has-text-align-left has-contrast-light-color has-text-color has-link-color has-superbfont-small-font-size wp-elements-bedcce548744057303545a6220e32e54\">Nuestro compromiso es que cada evento sea un \u00e9xito, permiti\u00e9ndote disfrutar del momento con la tranquilidad de saber que todo est\u00e1 bajo control.<\/p>\n<\/div>\n<\/div>\n\n\n\n<p><\/p>\n\n\n\n<p class=\"has-text-align-center has-contrast-light-color has-text-color has-link-color has-superbfont-small-font-size wp-elements-fb6763273787d8fda217593a3c65c49b\" style=\"text-transform:uppercase\"><strong><strong>Distribuci\u00f3n y Catering Gourmet<\/strong><\/strong><\/p>\n\n\n\n<div class=\"wp-block-group is-nowrap is-layout-flex wp-container-core-group-is-layout-6c531013 wp-block-group-is-layout-flex\">\n<div class=\"wp-block-group is-vertical is-content-justification-left is-layout-flex wp-container-core-group-is-layout-dd225191 wp-block-group-is-layout-flex\">\n<div class=\"wp-block-columns is-layout-flex wp-container-core-columns-is-layout-28f84493 wp-block-columns-is-layout-flex\">\n<div class=\"wp-block-column is-layout-flow wp-block-column-is-layout-flow\" style=\"flex-basis:100%\">\n<div class=\"wp-block-group has-global-padding is-layout-constrained wp-block-group-is-layout-constrained\">\n<div class=\"wp-block-group has-global-padding is-layout-constrained wp-block-group-is-layout-constrained\">\n<div class=\"wp-block-columns is-layout-flex wp-container-core-columns-is-layout-28f84493 wp-block-columns-is-layout-flex\">\n<div class=\"wp-block-column is-layout-flow wp-block-column-is-layout-flow\" style=\"flex-basis:100%\">\n<div class=\"wp-block-group is-nowrap is-layout-flex wp-container-core-group-is-layout-6c531013 wp-block-group-is-layout-flex\">\n<p class=\"has-text-align-left has-contrast-light-color has-text-color has-link-color has-superbfont-small-font-size wp-elements-c0b565fed7a5f7c8aae9cc4af73ec701\">En <strong>Invers de Tres Futuro RJJ<\/strong> ofrecemos ahora un exclusivo servicio de <strong>Distribuci\u00f3n y Catering Gourmet<\/strong>, ideal para eventos privados, corporativos o experiencias gastron\u00f3micas personalizadas. Trabajamos con una cuidada selecci\u00f3n de productos de alta gama: <strong>embutidos selectos, quesos artesanales o conservas gourmet.<\/strong><\/p>\n<\/div>\n\n\n\n<p class=\"has-contrast-light-color has-text-color has-link-color has-superbfont-small-font-size wp-elements-4aedc001da55801e354a326c2638a600\">Este servicio combina calidad, log\u00edstica especializada y una presentaci\u00f3n impecable, asegurando que cada evento sea una experiencia \u00fanica para los sentidos.<\/p>\n<\/div>\n<\/div>\n<\/div>\n<\/div>\n<\/div>\n<\/div>\n\n\n\n<p class=\"has-contrast-light-color has-text-color has-link-color has-superbfont-small-font-size wp-elements-b763e2fa4c6b197d265e89c4084bd1a8\">\ud83d\udc49 <a href=\"https:\/\/futuro.services\/?page_id=70\" data-type=\"page\" data-id=\"70\"><strong>Descubre m\u00e1s sobre nuestro servicio gourmet<\/strong><\/a><\/p>\n<\/div>\n\n\n\n<figure class=\"wp-block-image size-full is-resized has-custom-border is-style-default\" style=\"margin-top:0px;margin-bottom:0px\"><img loading=\"lazy\" decoding=\"async\" width=\"1392\" height=\"752\" src=\"https:\/\/futuro.services\/wp-content\/uploads\/2025\/09\/Cornucopia1.png\" alt=\"\" class=\"wp-image-63\" style=\"border-style:none;border-width:0px;border-radius:15px;width:722px;height:auto\" srcset=\"https:\/\/futuro.services\/wp-content\/uploads\/2025\/09\/Cornucopia1.png 1392w, https:\/\/futuro.services\/wp-content\/uploads\/2025\/09\/Cornucopia1-300x162.png 300w, https:\/\/futuro.services\/wp-content\/uploads\/2025\/09\/Cornucopia1-1024x553.png 1024w, https:\/\/futuro.services\/wp-content\/uploads\/2025\/09\/Cornucopia1-768x415.png 768w\" sizes=\"auto, (max-width: 1392px) 100vw, 1392px\" \/><\/figure>\n<\/div>\n<\/div>\n\n\n\n<div class=\"wp-block-group has-global-padding is-layout-constrained wp-container-core-group-is-layout-019073ad wp-block-group-is-layout-constrained\" style=\"border-width:1px;border-radius:10px;padding-top:var(--wp--preset--spacing--superbspacing-medium);padding-right:var(--wp--preset--spacing--superbspacing-small);padding-bottom:var(--wp--preset--spacing--superbspacing-medium);padding-left:var(--wp--preset--spacing--superbspacing-small)\">\n<p class=\"has-text-align-center has-superbfont-small-font-size\"><strong>TRASLADOS VIP<\/strong><\/p>\n\n\n\n<p class=\"has-superbfont-small-font-size\"><strong>Invers de Tres Futuro RJJ<\/strong> ofrece un exclusivo servicio de <strong>taxi VIP con ch\u00f3fer privado<\/strong>, ideal para ejecutivos, directivos, personalidades y famosos que buscan <strong>privacidad, lujo y eficiencia<\/strong>. Nuestra flota de veh\u00edculos de alta gama y conductores altamente capacitados garantiza <strong>traslados c\u00f3modos, seguros y puntuales<\/strong>, tanto en la ciudad como en trayectos nacionales e internacionales.<\/p>\n\n\n\n<p class=\"has-superbfont-small-font-size\">Nos adaptamos a cualquier necesidad, desde eventos importantes hasta desplazamientos personales, cuidando cada detalle con <strong>discreci\u00f3n y atenci\u00f3n personalizada<\/strong>. Adem\u00e1s, contamos con tecnolog\u00eda avanzada para asegurar un viaje fluido y sin contratiempos.<\/p>\n\n\n\n<p class=\"has-superbfont-small-font-size\"><strong>Invers de Tres Futuro RJJ<\/strong> donde cada traslado se convierte en una experiencia superior en confort, profesionalismo y confidencialidad.<\/p>\n\n\n\n<div class=\"wp-block-cover\" style=\"border-radius:10px\"><img loading=\"lazy\" decoding=\"async\" width=\"1792\" height=\"1024\" class=\"wp-block-cover__image-background wp-image-36\" alt=\"\" src=\"https:\/\/futuro.services\/wp-content\/uploads\/2025\/04\/vip.webp\" data-object-fit=\"cover\" srcset=\"https:\/\/futuro.services\/wp-content\/uploads\/2025\/04\/vip.webp 1792w, https:\/\/futuro.services\/wp-content\/uploads\/2025\/04\/vip-300x171.webp 300w, https:\/\/futuro.services\/wp-content\/uploads\/2025\/04\/vip-1024x585.webp 1024w, https:\/\/futuro.services\/wp-content\/uploads\/2025\/04\/vip-768x439.webp 768w, https:\/\/futuro.services\/wp-content\/uploads\/2025\/04\/vip-1536x878.webp 1536w\" sizes=\"auto, (max-width: 1792px) 100vw, 1792px\" \/><span aria-hidden=\"true\" class=\"wp-block-cover__background has-mono-2-background-color has-background-dim\"><\/span><div class=\"wp-block-cover__inner-container is-layout-flow wp-block-cover-is-layout-flow\">\n<p class=\"has-text-align-center has-large-font-size\"><\/p>\n<\/div><\/div>\n<\/div>\n\n\n\n<p><\/p>\n","protected":false},"excerpt":{"rendered":"<p>Turismo En Invers de Tres Futuro RJJ creemos que viajar es una de las mejores experiencias de la vida. Por eso, ofrecemos servicios tur\u00edsticos personalizados que incluyen desde la planificaci\u00f3n de vacaciones hasta itinerarios exclusivos, tanto a nivel nacional como internacional. Colaboramos con hoteles, aerol\u00edneas y operadores locales para ofrecer tarifas competitivas y experiencias \u00fanicas, [&hellip;]<\/p>\n","protected":false},"author":1,"featured_media":0,"parent":0,"menu_order":0,"comment_status":"closed","ping_status":"closed","template":"","meta":{"footnotes":""},"class_list":["post-29","page","type-page","status-publish","hentry"],"_links":{"self":[{"href":"https:\/\/futuro.services\/index.php?rest_route=\/wp\/v2\/pages\/29","targetHints":{"allow":["GET"]}}],"collection":[{"href":"https:\/\/futuro.services\/index.php?rest_route=\/wp\/v2\/pages"}],"about":[{"href":"https:\/\/futuro.services\/index.php?rest_route=\/wp\/v2\/types\/page"}],"author":[{"embeddable":true,"href":"https:\/\/futuro.services\/index.php?rest_route=\/wp\/v2\/users\/1"}],"replies":[{"embeddable":true,"href":"https:\/\/futuro.services\/index.php?rest_route=%2Fwp%2Fv2%2Fcomments&post=29"}],"version-history":[{"count":7,"href":"https:\/\/futuro.services\/index.php?rest_route=\/wp\/v2\/pages\/29\/revisions"}],"predecessor-version":[{"id":73,"href":"https:\/\/futuro.services\/index.php?rest_route=\/wp\/v2\/pages\/29\/revisions\/73"}],"wp:attachment":[{"href":"https:\/\/futuro.services\/index.php?rest_route=%2Fwp%2Fv2%2Fmedia&parent=29"}],"curies":[{"name":"wp","href":"https:\/\/api.w.org\/{rel}","templated":true}]}}