{"id":26,"date":"2025-04-03T09:56:22","date_gmt":"2025-04-03T09:56:22","guid":{"rendered":"https:\/\/futuro.services\/?page_id=26"},"modified":"2025-04-03T09:56:22","modified_gmt":"2025-04-03T09:56:22","slug":"quienes-somos","status":"publish","type":"page","link":"https:\/\/futuro.services\/?page_id=26","title":{"rendered":"Qui\u00e9nes Somos"},"content":{"rendered":"\n<p style=\"font-size:clamp(17.905px, 1.119rem + ((1vw - 3.2px) * 1.147), 28px);\">Conoce la Historia y el Equipo de Invers de Tres Futuro<\/p>\n\n\n\n<div class=\"wp-block-group has-global-padding is-layout-constrained wp-block-group-is-layout-constrained\">\n<figure class=\"wp-block-image aligncenter size-full is-resized has-custom-border\"><img loading=\"lazy\" decoding=\"async\" width=\"1108\" height=\"713\" src=\"https:\/\/futuro.services\/wp-content\/uploads\/2025\/04\/nosotros2.png\" alt=\"\" class=\"wp-image-27\" style=\"border-radius:10px;width:667px;height:auto\" srcset=\"https:\/\/futuro.services\/wp-content\/uploads\/2025\/04\/nosotros2.png 1108w, https:\/\/futuro.services\/wp-content\/uploads\/2025\/04\/nosotros2-300x193.png 300w, https:\/\/futuro.services\/wp-content\/uploads\/2025\/04\/nosotros2-1024x659.png 1024w, https:\/\/futuro.services\/wp-content\/uploads\/2025\/04\/nosotros2-768x494.png 768w\" sizes=\"auto, (max-width: 1108px) 100vw, 1108px\" \/><\/figure>\n<\/div>\n\n\n\n<p>Invers de Tres Futuro surge de una profunda pasi\u00f3n por los viajes, la organizaci\u00f3n y la movilidad efectiva. Con m\u00e1s de diez a\u00f1os de experiencia en el sector, se ha consolidado como un referente confiable tanto a nivel nacional como internacional. A lo largo de su trayectoria, ha apostado por la innovaci\u00f3n tecnol\u00f3gica, la formaci\u00f3n continua y las alianzas estrat\u00e9gicas para ofrecer soluciones personalizadas en turismo, transporte y eventos.<\/p>\n\n\n\n<p>Su equipo multidisciplinar formado por asesores de viaje, gestores de transporte, organizadores de eventos, conductores y especialistas en atenci\u00f3n al cliente, trabaja de forma coordinada para convertir cada proyecto en una experiencia \u00fanica, adaptada a las necesidades de cada cliente.<\/p>\n\n\n\n<hr class=\"wp-block-separator has-alpha-channel-opacity is-style-dots\" style=\"margin-top:var(--wp--preset--spacing--superbspacing-medium);margin-bottom:var(--wp--preset--spacing--superbspacing-medium)\"\/>\n\n\n\n<p class=\"has-text-align-center has-superbfont-large-font-size\">Misi\u00f3n<\/p>\n\n\n\n<p>La misi\u00f3n de Invers de Tres Futuro se resume en ofrecer un servicio integral e innovador que haga del turismo, la movilidad y la organizaci\u00f3n de eventos experiencias \u00fanicas. Queremos que cada persona que conf\u00eda en nosotros se sienta respaldada y segura, con la certeza de contar con un equipo que posee amplia experiencia y pasi\u00f3n por su labor. Nuestra visi\u00f3n es seguir creciendo y posicionarnos como un referente mundial en el sector, sin perder de vista nuestros valores de integridad, calidad y compromiso social y medioambiental.<\/p>\n","protected":false},"excerpt":{"rendered":"<p>Conoce la Historia y el Equipo de Invers de Tres Futuro Invers de Tres Futuro surge de una profunda pasi\u00f3n por los viajes, la organizaci\u00f3n y la movilidad efectiva. Con m\u00e1s de diez a\u00f1os de experiencia en el sector, se ha consolidado como un referente confiable tanto a nivel nacional como internacional. A lo largo [&hellip;]<\/p>\n","protected":false},"author":1,"featured_media":0,"parent":0,"menu_order":0,"comment_status":"closed","ping_status":"closed","template":"","meta":{"footnotes":""},"class_list":["post-26","page","type-page","status-publish","hentry"],"_links":{"self":[{"href":"https:\/\/futuro.services\/index.php?rest_route=\/wp\/v2\/pages\/26","targetHints":{"allow":["GET"]}}],"collection":[{"href":"https:\/\/futuro.services\/index.php?rest_route=\/wp\/v2\/pages"}],"about":[{"href":"https:\/\/futuro.services\/index.php?rest_route=\/wp\/v2\/types\/page"}],"author":[{"embeddable":true,"href":"https:\/\/futuro.services\/index.php?rest_route=\/wp\/v2\/users\/1"}],"replies":[{"embeddable":true,"href":"https:\/\/futuro.services\/index.php?rest_route=%2Fwp%2Fv2%2Fcomments&post=26"}],"version-history":[{"count":1,"href":"https:\/\/futuro.services\/index.php?rest_route=\/wp\/v2\/pages\/26\/revisions"}],"predecessor-version":[{"id":28,"href":"https:\/\/futuro.services\/index.php?rest_route=\/wp\/v2\/pages\/26\/revisions\/28"}],"wp:attachment":[{"href":"https:\/\/futuro.services\/index.php?rest_route=%2Fwp%2Fv2%2Fmedia&parent=26"}],"curies":[{"name":"wp","href":"https:\/\/api.w.org\/{rel}","templated":true}]}}