{"id":23,"date":"2025-04-03T09:55:17","date_gmt":"2025-04-03T09:55:17","guid":{"rendered":"https:\/\/futuro.services\/?page_id=23"},"modified":"2025-04-03T12:17:39","modified_gmt":"2025-04-03T12:17:39","slug":"contacto","status":"publish","type":"page","link":"https:\/\/futuro.services\/?page_id=23","title":{"rendered":"Contacto"},"content":{"rendered":"\n<p style=\"font-size:clamp(17.905px, 1.119rem + ((1vw - 3.2px) * 1.147), 28px);\">Hablemos y Concretemos tu Pr\u00f3ximo Proyecto<\/p>\n\n\n\n<p>En Invers de Tres Futuro, valoramos la comunicaci\u00f3n directa y cercana con nuestros clientes y colaboradores. Por ello, ofrecemos m\u00faltiples canales para resolver dudas, recibir solicitudes y recoger sugerencias, siempre con el objetivo de mejorar continuamente.<\/p>\n\n\n\n<p>Para obtener informaci\u00f3n sobre nuestros servicios, realizar una reserva o solicitar un presupuesto, puedes completar nuestro formulario de contacto con todos los detalles relevantes como fechas, n\u00famero de personas o destino para que podamos ofrecerte una atenci\u00f3n personalizada y eficiente.<\/p>\n\n\n\n<p>Tambi\u00e9n puedes escribirnos a <a href=\"mailto:compras@futuro.services\">compras@futuro.services<\/a>. Nuestro equipo de atenci\u00f3n al cliente est\u00e1 disponible en el horario de 09:00 a 17:00 y responder\u00e1 con la mayor prontitud posible. Estamos aqu\u00ed para ayudarte y hacer realidad tus ideas.<\/p>\n\n\n\n<div class=\"wp-block-columns is-layout-flex wp-container-core-columns-is-layout-28f84493 wp-block-columns-is-layout-flex\">\n<div class=\"wp-block-column is-layout-flow wp-block-column-is-layout-flow\" style=\"flex-basis:70%\">\n<p class=\"has-text-color has-link-color has-superbfont-xsmall-font-size wp-elements-7cc475d5b024f6fe8ea5ff19acf0ebc5\" style=\"color:#4e4026\">Tu nombre (requerido)<\/p>\n\n\n\n<input type=\"text\" name=\"your-name\" value=\"\" size=\"40\" aria-required=\"true\" aria-invalid=\"false\" style=\"width: 100%;height: 30px\">\n\n\n\n<p class=\"has-text-color has-link-color has-superbfont-xsmall-font-size wp-elements-3b1583bfac3e3893d43990129387df45\" style=\"color:#4e4026\">Tu email (requerido)<\/p>\n\n\n\n<input type=\"text\" name=\"your-name\" value=\"\" size=\"40\" aria-required=\"true\" aria-invalid=\"false\" style=\"width: 100%;height: 30px\">\n\n\n\n<p class=\"has-text-color has-link-color has-superbfont-xsmall-font-size wp-elements-2d6e492e3781f2c6e9b5563fa16db090\" style=\"color:#4e4026\">Mensaje<\/p>\n\n\n\n<textarea name=\"your-message\" cols=\"40\" rows=\"10\" aria-invalid=\"false\" style=\"width: 100%;height:90px\"><\/textarea>\n\n\n\n<div class=\"wp-block-buttons is-content-justification-left is-layout-flex wp-container-core-buttons-is-layout-43cda092 wp-block-buttons-is-layout-flex\" style=\"padding-top:0;padding-bottom:0\">\n<div class=\"wp-block-button\"><a class=\"wp-block-button__link has-mono-1-background-color has-background has-text-align-right wp-element-button\" href=\"mailto:compras@futuro.services\" style=\"border-radius:24px;box-shadow:var(--wp--preset--shadow--sharp)\">Enviar<\/a><\/div>\n<\/div>\n<\/div>\n\n\n\n<div class=\"wp-block-column is-layout-flow wp-block-column-is-layout-flow\">\n<figure class=\"wp-block-image aligncenter size-full is-style-default\"><img loading=\"lazy\" decoding=\"async\" width=\"500\" height=\"500\" src=\"https:\/\/futuro.services\/wp-content\/uploads\/2025\/04\/logo2-tbg.png\" alt=\"\" class=\"wp-image-24\" srcset=\"https:\/\/futuro.services\/wp-content\/uploads\/2025\/04\/logo2-tbg.png 500w, https:\/\/futuro.services\/wp-content\/uploads\/2025\/04\/logo2-tbg-300x300.png 300w, https:\/\/futuro.services\/wp-content\/uploads\/2025\/04\/logo2-tbg-150x150.png 150w\" sizes=\"auto, (max-width: 500px) 100vw, 500px\" \/><\/figure>\n\n\n\n<p class=\"has-text-align-center has-mono-1-color has-text-color has-link-color has-superbfont-small-font-size wp-elements-1c326f309d216325d33bde863838f7f9\"><a href=\"mailto:compras@futuro.services\">compras@futuro.services<\/a><\/p>\n<\/div>\n<\/div>\n","protected":false},"excerpt":{"rendered":"<p>Hablemos y Concretemos tu Pr\u00f3ximo Proyecto En Invers de Tres Futuro, valoramos la comunicaci\u00f3n directa y cercana con nuestros clientes y colaboradores. Por ello, ofrecemos m\u00faltiples canales para resolver dudas, recibir solicitudes y recoger sugerencias, siempre con el objetivo de mejorar continuamente. Para obtener informaci\u00f3n sobre nuestros servicios, realizar una reserva o solicitar un presupuesto, [&hellip;]<\/p>\n","protected":false},"author":1,"featured_media":0,"parent":0,"menu_order":0,"comment_status":"closed","ping_status":"closed","template":"","meta":{"footnotes":""},"class_list":["post-23","page","type-page","status-publish","hentry"],"_links":{"self":[{"href":"https:\/\/futuro.services\/index.php?rest_route=\/wp\/v2\/pages\/23","targetHints":{"allow":["GET"]}}],"collection":[{"href":"https:\/\/futuro.services\/index.php?rest_route=\/wp\/v2\/pages"}],"about":[{"href":"https:\/\/futuro.services\/index.php?rest_route=\/wp\/v2\/types\/page"}],"author":[{"embeddable":true,"href":"https:\/\/futuro.services\/index.php?rest_route=\/wp\/v2\/users\/1"}],"replies":[{"embeddable":true,"href":"https:\/\/futuro.services\/index.php?rest_route=%2Fwp%2Fv2%2Fcomments&post=23"}],"version-history":[{"count":5,"href":"https:\/\/futuro.services\/index.php?rest_route=\/wp\/v2\/pages\/23\/revisions"}],"predecessor-version":[{"id":46,"href":"https:\/\/futuro.services\/index.php?rest_route=\/wp\/v2\/pages\/23\/revisions\/46"}],"wp:attachment":[{"href":"https:\/\/futuro.services\/index.php?rest_route=%2Fwp%2Fv2%2Fmedia&parent=23"}],"curies":[{"name":"wp","href":"https:\/\/api.w.org\/{rel}","templated":true}]}}